{"id":744,"date":"2025-08-26T13:24:02","date_gmt":"2025-08-26T11:24:02","guid":{"rendered":"https:\/\/barsantamaria.com\/?post_type=product&#038;p=744"},"modified":"2025-08-26T13:43:10","modified_gmt":"2025-08-26T11:43:10","slug":"menu-pareja","status":"publish","type":"product","link":"https:\/\/barsantamaria.com\/en\/product\/menu-pareja\/","title":{"rendered":"Couple&#039;s menu"},"content":{"rendered":"<p>A menu designed to be shared as a couple, ideal for gifting and enjoying a unique gastronomic experience together.<br \/>\nPrice of \u20ac30 per person.<\/p>","protected":false},"excerpt":{"rendered":"<p>A menu designed to be shared as a couple, ideal for gifting and enjoying a unique gastronomic experience together. Priced at \u20ac30 per person.<\/p>","protected":false},"featured_media":701,"comment_status":"open","ping_status":"closed","template":"","meta":[],"product_brand":[],"product_cat":[23],"product_tag":[],"class_list":{"0":"post-744","1":"product","2":"type-product","3":"status-publish","4":"has-post-thumbnail","6":"product_cat-sin-categorizar","8":"first","9":"instock","10":"virtual","11":"purchasable","12":"product-type-simple"},"yoast_head":"<!-- This site is optimized with the Yoast SEO plugin v27.5 - https:\/\/yoast.com\/product\/yoast-seo-wordpress\/ -->\n<title>Men\u00fa de pareja - Bar Santa Mar\u00eda<\/title>\n<meta name=\"robots\" content=\"index, follow, max-snippet:-1, max-image-preview:large, max-video-preview:-1\" \/>\n<link rel=\"canonical\" href=\"https:\/\/barsantamaria.com\/en\/product\/menu-pareja\/\" \/>\n<meta property=\"og:locale\" content=\"en_GB\" \/>\n<meta property=\"og:type\" content=\"article\" \/>\n<meta property=\"og:title\" content=\"Men\u00fa de pareja - Bar Santa Mar\u00eda\" \/>\n<meta property=\"og:description\" content=\"Un men\u00fa dise\u00f1ado para compartir en pareja, ideal para regalar y disfrutar de una experiencia gastron\u00f3mica \u00fanica juntos. Precio de 30\u20ac por persona.\" \/>\n<meta property=\"og:url\" content=\"https:\/\/barsantamaria.com\/en\/product\/menu-pareja\/\" \/>\n<meta property=\"og:site_name\" content=\"Bar Santa Mar\u00eda\" \/>\n<meta property=\"article:publisher\" content=\"https:\/\/www.facebook.com\/RestauranteBarSantaMaria\/?locale=es_ES\" \/>\n<meta property=\"article:modified_time\" content=\"2025-08-26T11:43:10+00:00\" \/>\n<meta property=\"og:image\" content=\"https:\/\/barsantamaria.com\/wp-content\/uploads\/2025\/08\/gambas-al-ajillo.webp\" \/>\n\t<meta property=\"og:image:width\" content=\"867\" \/>\n\t<meta property=\"og:image:height\" content=\"1188\" \/>\n\t<meta property=\"og:image:type\" content=\"image\/webp\" \/>\n<meta name=\"twitter:card\" content=\"summary_large_image\" \/>\n<meta name=\"twitter:label1\" content=\"Estimated reading time\" \/>\n\t<meta name=\"twitter:data1\" content=\"1 minute\" \/>\n<script type=\"application\/ld+json\" class=\"yoast-schema-graph\">{\"@context\":\"https:\\\/\\\/schema.org\",\"@graph\":[{\"@type\":\"WebPage\",\"@id\":\"https:\\\/\\\/barsantamaria.com\\\/producto\\\/menu-pareja\\\/\",\"url\":\"https:\\\/\\\/barsantamaria.com\\\/producto\\\/menu-pareja\\\/\",\"name\":\"Men\u00fa de pareja - Bar Santa Mar\u00eda\",\"isPartOf\":{\"@id\":\"https:\\\/\\\/barsantamaria.com\\\/#website\"},\"primaryImageOfPage\":{\"@id\":\"https:\\\/\\\/barsantamaria.com\\\/producto\\\/menu-pareja\\\/#primaryimage\"},\"image\":{\"@id\":\"https:\\\/\\\/barsantamaria.com\\\/producto\\\/menu-pareja\\\/#primaryimage\"},\"thumbnailUrl\":\"https:\\\/\\\/barsantamaria.com\\\/wp-content\\\/uploads\\\/2025\\\/08\\\/gambas-al-ajillo.webp\",\"datePublished\":\"2025-08-26T11:24:02+00:00\",\"dateModified\":\"2025-08-26T11:43:10+00:00\",\"breadcrumb\":{\"@id\":\"https:\\\/\\\/barsantamaria.com\\\/producto\\\/menu-pareja\\\/#breadcrumb\"},\"inLanguage\":\"en-GB\",\"potentialAction\":[{\"@type\":\"ReadAction\",\"target\":[\"https:\\\/\\\/barsantamaria.com\\\/producto\\\/menu-pareja\\\/\"]}]},{\"@type\":\"ImageObject\",\"inLanguage\":\"en-GB\",\"@id\":\"https:\\\/\\\/barsantamaria.com\\\/producto\\\/menu-pareja\\\/#primaryimage\",\"url\":\"https:\\\/\\\/barsantamaria.com\\\/wp-content\\\/uploads\\\/2025\\\/08\\\/gambas-al-ajillo.webp\",\"contentUrl\":\"https:\\\/\\\/barsantamaria.com\\\/wp-content\\\/uploads\\\/2025\\\/08\\\/gambas-al-ajillo.webp\",\"width\":867,\"height\":1188,\"caption\":\"Raci\u00f3n de gambas al ajillo, plato de la carta\"},{\"@type\":\"BreadcrumbList\",\"@id\":\"https:\\\/\\\/barsantamaria.com\\\/producto\\\/menu-pareja\\\/#breadcrumb\",\"itemListElement\":[{\"@type\":\"ListItem\",\"position\":1,\"name\":\"Portada\",\"item\":\"https:\\\/\\\/barsantamaria.com\\\/\"},{\"@type\":\"ListItem\",\"position\":2,\"name\":\"Tienda\",\"item\":\"https:\\\/\\\/barsantamaria.com\\\/tienda\\\/\"},{\"@type\":\"ListItem\",\"position\":3,\"name\":\"Men\u00fa de pareja\"}]},{\"@type\":\"WebSite\",\"@id\":\"https:\\\/\\\/barsantamaria.com\\\/#website\",\"url\":\"https:\\\/\\\/barsantamaria.com\\\/\",\"name\":\"Bar Santa Mar\u00eda\",\"description\":\"\",\"publisher\":{\"@id\":\"https:\\\/\\\/barsantamaria.com\\\/#organization\"},\"potentialAction\":[{\"@type\":\"SearchAction\",\"target\":{\"@type\":\"EntryPoint\",\"urlTemplate\":\"https:\\\/\\\/barsantamaria.com\\\/?s={search_term_string}\"},\"query-input\":{\"@type\":\"PropertyValueSpecification\",\"valueRequired\":true,\"valueName\":\"search_term_string\"}}],\"inLanguage\":\"en-GB\"},{\"@type\":\"Organization\",\"@id\":\"https:\\\/\\\/barsantamaria.com\\\/#organization\",\"name\":\"Bar Santa Mar\u00eda\",\"url\":\"https:\\\/\\\/barsantamaria.com\\\/\",\"logo\":{\"@type\":\"ImageObject\",\"inLanguage\":\"en-GB\",\"@id\":\"https:\\\/\\\/barsantamaria.com\\\/#\\\/schema\\\/logo\\\/image\\\/\",\"url\":\"https:\\\/\\\/barsantamaria.com\\\/wp-content\\\/uploads\\\/2025\\\/08\\\/bar-santa-maria-logo.webp\",\"contentUrl\":\"https:\\\/\\\/barsantamaria.com\\\/wp-content\\\/uploads\\\/2025\\\/08\\\/bar-santa-maria-logo.webp\",\"width\":447,\"height\":187,\"caption\":\"Bar Santa Mar\u00eda\"},\"image\":{\"@id\":\"https:\\\/\\\/barsantamaria.com\\\/#\\\/schema\\\/logo\\\/image\\\/\"},\"sameAs\":[\"https:\\\/\\\/www.facebook.com\\\/RestauranteBarSantaMaria\\\/?locale=es_ES\",\"https:\\\/\\\/www.instagram.com\\\/snackbarsantamaria\\\/\"]}]}<\/script>\n<!-- \/ Yoast SEO plugin. -->","yoast_head_json":{"title":"Men\u00fa de pareja - Bar Santa Mar\u00eda","robots":{"index":"index","follow":"follow","max-snippet":"max-snippet:-1","max-image-preview":"max-image-preview:large","max-video-preview":"max-video-preview:-1"},"canonical":"https:\/\/barsantamaria.com\/en\/product\/menu-pareja\/","og_locale":"en_GB","og_type":"article","og_title":"Men\u00fa de pareja - Bar Santa Mar\u00eda","og_description":"Un men\u00fa dise\u00f1ado para compartir en pareja, ideal para regalar y disfrutar de una experiencia gastron\u00f3mica \u00fanica juntos. Precio de 30\u20ac por persona.","og_url":"https:\/\/barsantamaria.com\/en\/product\/menu-pareja\/","og_site_name":"Bar Santa Mar\u00eda","article_publisher":"https:\/\/www.facebook.com\/RestauranteBarSantaMaria\/?locale=es_ES","article_modified_time":"2025-08-26T11:43:10+00:00","og_image":[{"width":867,"height":1188,"url":"https:\/\/barsantamaria.com\/wp-content\/uploads\/2025\/08\/gambas-al-ajillo.webp","type":"image\/webp"}],"twitter_card":"summary_large_image","twitter_misc":{"Estimated reading time":"1 minute"},"schema":{"@context":"https:\/\/schema.org","@graph":[{"@type":"WebPage","@id":"https:\/\/barsantamaria.com\/producto\/menu-pareja\/","url":"https:\/\/barsantamaria.com\/producto\/menu-pareja\/","name":"Men\u00fa de pareja - Bar Santa Mar\u00eda","isPartOf":{"@id":"https:\/\/barsantamaria.com\/#website"},"primaryImageOfPage":{"@id":"https:\/\/barsantamaria.com\/producto\/menu-pareja\/#primaryimage"},"image":{"@id":"https:\/\/barsantamaria.com\/producto\/menu-pareja\/#primaryimage"},"thumbnailUrl":"https:\/\/barsantamaria.com\/wp-content\/uploads\/2025\/08\/gambas-al-ajillo.webp","datePublished":"2025-08-26T11:24:02+00:00","dateModified":"2025-08-26T11:43:10+00:00","breadcrumb":{"@id":"https:\/\/barsantamaria.com\/producto\/menu-pareja\/#breadcrumb"},"inLanguage":"en-GB","potentialAction":[{"@type":"ReadAction","target":["https:\/\/barsantamaria.com\/producto\/menu-pareja\/"]}]},{"@type":"ImageObject","inLanguage":"en-GB","@id":"https:\/\/barsantamaria.com\/producto\/menu-pareja\/#primaryimage","url":"https:\/\/barsantamaria.com\/wp-content\/uploads\/2025\/08\/gambas-al-ajillo.webp","contentUrl":"https:\/\/barsantamaria.com\/wp-content\/uploads\/2025\/08\/gambas-al-ajillo.webp","width":867,"height":1188,"caption":"Raci\u00f3n de gambas al ajillo, plato de la carta"},{"@type":"BreadcrumbList","@id":"https:\/\/barsantamaria.com\/producto\/menu-pareja\/#breadcrumb","itemListElement":[{"@type":"ListItem","position":1,"name":"Portada","item":"https:\/\/barsantamaria.com\/"},{"@type":"ListItem","position":2,"name":"Tienda","item":"https:\/\/barsantamaria.com\/tienda\/"},{"@type":"ListItem","position":3,"name":"Men\u00fa de pareja"}]},{"@type":"WebSite","@id":"https:\/\/barsantamaria.com\/#website","url":"https:\/\/barsantamaria.com\/","name":"Bar Santa Mar\u00eda","description":"","publisher":{"@id":"https:\/\/barsantamaria.com\/#organization"},"potentialAction":[{"@type":"SearchAction","target":{"@type":"EntryPoint","urlTemplate":"https:\/\/barsantamaria.com\/?s={search_term_string}"},"query-input":{"@type":"PropertyValueSpecification","valueRequired":true,"valueName":"search_term_string"}}],"inLanguage":"en-GB"},{"@type":"Organization","@id":"https:\/\/barsantamaria.com\/#organization","name":"Bar Santa Mar\u00eda","url":"https:\/\/barsantamaria.com\/","logo":{"@type":"ImageObject","inLanguage":"en-GB","@id":"https:\/\/barsantamaria.com\/#\/schema\/logo\/image\/","url":"https:\/\/barsantamaria.com\/wp-content\/uploads\/2025\/08\/bar-santa-maria-logo.webp","contentUrl":"https:\/\/barsantamaria.com\/wp-content\/uploads\/2025\/08\/bar-santa-maria-logo.webp","width":447,"height":187,"caption":"Bar Santa Mar\u00eda"},"image":{"@id":"https:\/\/barsantamaria.com\/#\/schema\/logo\/image\/"},"sameAs":["https:\/\/www.facebook.com\/RestauranteBarSantaMaria\/?locale=es_ES","https:\/\/www.instagram.com\/snackbarsantamaria\/"]}]}},"_links":{"self":[{"href":"https:\/\/barsantamaria.com\/en\/wp-json\/wp\/v2\/product\/744","targetHints":{"allow":["GET"]}}],"collection":[{"href":"https:\/\/barsantamaria.com\/en\/wp-json\/wp\/v2\/product"}],"about":[{"href":"https:\/\/barsantamaria.com\/en\/wp-json\/wp\/v2\/types\/product"}],"replies":[{"embeddable":true,"href":"https:\/\/barsantamaria.com\/en\/wp-json\/wp\/v2\/comments?post=744"}],"wp:featuredmedia":[{"embeddable":true,"href":"https:\/\/barsantamaria.com\/en\/wp-json\/wp\/v2\/media\/701"}],"wp:attachment":[{"href":"https:\/\/barsantamaria.com\/en\/wp-json\/wp\/v2\/media?parent=744"}],"wp:term":[{"taxonomy":"product_brand","embeddable":true,"href":"https:\/\/barsantamaria.com\/en\/wp-json\/wp\/v2\/product_brand?post=744"},{"taxonomy":"product_cat","embeddable":true,"href":"https:\/\/barsantamaria.com\/en\/wp-json\/wp\/v2\/product_cat?post=744"},{"taxonomy":"product_tag","embeddable":true,"href":"https:\/\/barsantamaria.com\/en\/wp-json\/wp\/v2\/product_tag?post=744"}],"curies":[{"name":"wp","href":"https:\/\/api.w.org\/{rel}","templated":true}]}}