{"id":740,"date":"2025-08-26T13:19:45","date_gmt":"2025-08-26T11:19:45","guid":{"rendered":"https:\/\/barsantamaria.com\/carrito\/"},"modified":"2026-02-04T17:24:11","modified_gmt":"2026-02-04T16:24:11","slug":"carrito","status":"publish","type":"page","link":"https:\/\/barsantamaria.com\/en\/carrito\/","title":{"rendered":"Cart"},"content":{"rendered":"<div data-elementor-type=\"wp-page\" data-elementor-id=\"740\" class=\"elementor elementor-740\" data-elementor-post-type=\"page\">\n\t\t\t\t<div class=\"elementor-element elementor-element-0d26b56 e-flex e-con-boxed e-con e-parent\" data-id=\"0d26b56\" data-element_type=\"container\" data-e-type=\"container\" data-settings=\"{&quot;background_background&quot;:&quot;classic&quot;}\">\n\t\t\t\t\t<div class=\"e-con-inner\">\n\t\t\t\t<div class=\"elementor-element elementor-element-28f9653 elementor-widget elementor-widget-heading\" data-id=\"28f9653\" data-element_type=\"widget\" data-e-type=\"widget\" data-widget_type=\"heading.default\">\n\t\t\t\t\t<h1 class=\"elementor-heading-title elementor-size-default\">Shopping cart<\/h1>\t\t\t\t<\/div>\n\t\t\t\t\t<\/div>\n\t\t\t\t<\/div>\n\t\t\t\t<\/div>","protected":false},"excerpt":{"rendered":"<p>Shopping Cart Remove item Thumbnail Image Product Price Quantity Subtotal \u00d7 Tasting Menu \u20ac49.95 Tasting Menu Quantity \u20ac49.95 Subtotal \u20ac49.95 Total \u20ac49.95 Proceed to Checkout<\/p>","protected":false},"author":1,"featured_media":0,"parent":0,"menu_order":0,"comment_status":"closed","ping_status":"closed","template":"","meta":{"footnotes":""},"class_list":["post-740","page","type-page","status-publish","hentry"],"yoast_head":"<!-- This site is optimized with the Yoast SEO plugin v27.5 - https:\/\/yoast.com\/product\/yoast-seo-wordpress\/ -->\n<title>Carrito - Bar Santa Mar\u00eda<\/title>\n<meta name=\"robots\" content=\"noindex, nofollow\" \/>\n<meta property=\"og:locale\" content=\"en_GB\" \/>\n<meta property=\"og:type\" content=\"article\" \/>\n<meta property=\"og:title\" content=\"Carrito - Bar Santa Mar\u00eda\" \/>\n<meta property=\"og:description\" content=\"Carrito de compra Eliminar art\u00edculo Imagen en miniatura Producto Precio Cantidad Subtotal &times; Men\u00fa degustaci\u00f3n 49,95&nbsp;&euro; Men\u00fa degustaci\u00f3n cantidad 49,95&nbsp;&euro; Subtotal 49,95&nbsp;&euro; Total 49,95&nbsp;&euro; Proceder al pago\" \/>\n<meta property=\"og:url\" content=\"https:\/\/barsantamaria.com\/en\/carrito\/\" \/>\n<meta property=\"og:site_name\" content=\"Bar Santa Mar\u00eda\" \/>\n<meta property=\"article:publisher\" content=\"https:\/\/www.facebook.com\/RestauranteBarSantaMaria\/?locale=es_ES\" \/>\n<meta property=\"article:modified_time\" content=\"2026-02-04T16:24:11+00:00\" \/>\n<meta property=\"og:image\" content=\"https:\/\/barsantamaria.com\/wp-content\/uploads\/2025\/08\/tapa-de-ensaladilla-300x300.webp\" \/>\n<meta name=\"twitter:card\" content=\"summary_large_image\" \/>\n<meta name=\"twitter:label1\" content=\"Estimated reading time\" \/>\n\t<meta name=\"twitter:data1\" content=\"1 minute\" \/>\n<script type=\"application\/ld+json\" class=\"yoast-schema-graph\">{\"@context\":\"https:\\\/\\\/schema.org\",\"@graph\":[{\"@type\":\"WebPage\",\"@id\":\"https:\\\/\\\/barsantamaria.com\\\/carrito\\\/\",\"url\":\"https:\\\/\\\/barsantamaria.com\\\/carrito\\\/\",\"name\":\"Carrito - Bar Santa Mar\u00eda\",\"isPartOf\":{\"@id\":\"https:\\\/\\\/barsantamaria.com\\\/#website\"},\"primaryImageOfPage\":{\"@id\":\"https:\\\/\\\/barsantamaria.com\\\/carrito\\\/#primaryimage\"},\"image\":{\"@id\":\"https:\\\/\\\/barsantamaria.com\\\/carrito\\\/#primaryimage\"},\"thumbnailUrl\":\"https:\\\/\\\/barsantamaria.com\\\/wp-content\\\/uploads\\\/2025\\\/08\\\/tapa-de-ensaladilla-300x300.webp\",\"datePublished\":\"2025-08-26T11:19:45+00:00\",\"dateModified\":\"2026-02-04T16:24:11+00:00\",\"breadcrumb\":{\"@id\":\"https:\\\/\\\/barsantamaria.com\\\/carrito\\\/#breadcrumb\"},\"inLanguage\":\"en-GB\",\"potentialAction\":[{\"@type\":\"ReadAction\",\"target\":[\"https:\\\/\\\/barsantamaria.com\\\/carrito\\\/\"]}]},{\"@type\":\"ImageObject\",\"inLanguage\":\"en-GB\",\"@id\":\"https:\\\/\\\/barsantamaria.com\\\/carrito\\\/#primaryimage\",\"url\":\"https:\\\/\\\/barsantamaria.com\\\/wp-content\\\/uploads\\\/2025\\\/08\\\/tapa-de-ensaladilla-300x300.webp\",\"contentUrl\":\"https:\\\/\\\/barsantamaria.com\\\/wp-content\\\/uploads\\\/2025\\\/08\\\/tapa-de-ensaladilla-300x300.webp\"},{\"@type\":\"BreadcrumbList\",\"@id\":\"https:\\\/\\\/barsantamaria.com\\\/carrito\\\/#breadcrumb\",\"itemListElement\":[{\"@type\":\"ListItem\",\"position\":1,\"name\":\"Portada\",\"item\":\"https:\\\/\\\/barsantamaria.com\\\/\"},{\"@type\":\"ListItem\",\"position\":2,\"name\":\"Carrito\"}]},{\"@type\":\"WebSite\",\"@id\":\"https:\\\/\\\/barsantamaria.com\\\/#website\",\"url\":\"https:\\\/\\\/barsantamaria.com\\\/\",\"name\":\"Bar Santa Mar\u00eda\",\"description\":\"\",\"publisher\":{\"@id\":\"https:\\\/\\\/barsantamaria.com\\\/#organization\"},\"potentialAction\":[{\"@type\":\"SearchAction\",\"target\":{\"@type\":\"EntryPoint\",\"urlTemplate\":\"https:\\\/\\\/barsantamaria.com\\\/?s={search_term_string}\"},\"query-input\":{\"@type\":\"PropertyValueSpecification\",\"valueRequired\":true,\"valueName\":\"search_term_string\"}}],\"inLanguage\":\"en-GB\"},{\"@type\":\"Organization\",\"@id\":\"https:\\\/\\\/barsantamaria.com\\\/#organization\",\"name\":\"Bar Santa Mar\u00eda\",\"url\":\"https:\\\/\\\/barsantamaria.com\\\/\",\"logo\":{\"@type\":\"ImageObject\",\"inLanguage\":\"en-GB\",\"@id\":\"https:\\\/\\\/barsantamaria.com\\\/#\\\/schema\\\/logo\\\/image\\\/\",\"url\":\"https:\\\/\\\/barsantamaria.com\\\/wp-content\\\/uploads\\\/2025\\\/08\\\/bar-santa-maria-logo.webp\",\"contentUrl\":\"https:\\\/\\\/barsantamaria.com\\\/wp-content\\\/uploads\\\/2025\\\/08\\\/bar-santa-maria-logo.webp\",\"width\":447,\"height\":187,\"caption\":\"Bar Santa Mar\u00eda\"},\"image\":{\"@id\":\"https:\\\/\\\/barsantamaria.com\\\/#\\\/schema\\\/logo\\\/image\\\/\"},\"sameAs\":[\"https:\\\/\\\/www.facebook.com\\\/RestauranteBarSantaMaria\\\/?locale=es_ES\",\"https:\\\/\\\/www.instagram.com\\\/snackbarsantamaria\\\/\"]}]}<\/script>\n<!-- \/ Yoast SEO plugin. -->","yoast_head_json":{"title":"Cart - Santa Maria Bar","robots":{"index":"noindex","follow":"nofollow"},"og_locale":"en_GB","og_type":"article","og_title":"Carrito - Bar Santa Mar\u00eda","og_description":"Carrito de compra Eliminar art\u00edculo Imagen en miniatura Producto Precio Cantidad Subtotal &times; Men\u00fa degustaci\u00f3n 49,95&nbsp;&euro; Men\u00fa degustaci\u00f3n cantidad 49,95&nbsp;&euro; Subtotal 49,95&nbsp;&euro; Total 49,95&nbsp;&euro; Proceder al pago","og_url":"https:\/\/barsantamaria.com\/en\/carrito\/","og_site_name":"Bar Santa Mar\u00eda","article_publisher":"https:\/\/www.facebook.com\/RestauranteBarSantaMaria\/?locale=es_ES","article_modified_time":"2026-02-04T16:24:11+00:00","og_image":[{"url":"https:\/\/barsantamaria.com\/wp-content\/uploads\/2025\/08\/tapa-de-ensaladilla-300x300.webp","type":"","width":"","height":""}],"twitter_card":"summary_large_image","twitter_misc":{"Estimated reading time":"1 minute"},"schema":{"@context":"https:\/\/schema.org","@graph":[{"@type":"WebPage","@id":"https:\/\/barsantamaria.com\/carrito\/","url":"https:\/\/barsantamaria.com\/carrito\/","name":"Cart - Santa Maria Bar","isPartOf":{"@id":"https:\/\/barsantamaria.com\/#website"},"primaryImageOfPage":{"@id":"https:\/\/barsantamaria.com\/carrito\/#primaryimage"},"image":{"@id":"https:\/\/barsantamaria.com\/carrito\/#primaryimage"},"thumbnailUrl":"https:\/\/barsantamaria.com\/wp-content\/uploads\/2025\/08\/tapa-de-ensaladilla-300x300.webp","datePublished":"2025-08-26T11:19:45+00:00","dateModified":"2026-02-04T16:24:11+00:00","breadcrumb":{"@id":"https:\/\/barsantamaria.com\/carrito\/#breadcrumb"},"inLanguage":"en-GB","potentialAction":[{"@type":"ReadAction","target":["https:\/\/barsantamaria.com\/carrito\/"]}]},{"@type":"ImageObject","inLanguage":"en-GB","@id":"https:\/\/barsantamaria.com\/carrito\/#primaryimage","url":"https:\/\/barsantamaria.com\/wp-content\/uploads\/2025\/08\/tapa-de-ensaladilla-300x300.webp","contentUrl":"https:\/\/barsantamaria.com\/wp-content\/uploads\/2025\/08\/tapa-de-ensaladilla-300x300.webp"},{"@type":"BreadcrumbList","@id":"https:\/\/barsantamaria.com\/carrito\/#breadcrumb","itemListElement":[{"@type":"ListItem","position":1,"name":"Portada","item":"https:\/\/barsantamaria.com\/"},{"@type":"ListItem","position":2,"name":"Carrito"}]},{"@type":"WebSite","@id":"https:\/\/barsantamaria.com\/#website","url":"https:\/\/barsantamaria.com\/","name":"Bar Santa Mar\u00eda","description":"","publisher":{"@id":"https:\/\/barsantamaria.com\/#organization"},"potentialAction":[{"@type":"SearchAction","target":{"@type":"EntryPoint","urlTemplate":"https:\/\/barsantamaria.com\/?s={search_term_string}"},"query-input":{"@type":"PropertyValueSpecification","valueRequired":true,"valueName":"search_term_string"}}],"inLanguage":"en-GB"},{"@type":"Organization","@id":"https:\/\/barsantamaria.com\/#organization","name":"Bar Santa Mar\u00eda","url":"https:\/\/barsantamaria.com\/","logo":{"@type":"ImageObject","inLanguage":"en-GB","@id":"https:\/\/barsantamaria.com\/#\/schema\/logo\/image\/","url":"https:\/\/barsantamaria.com\/wp-content\/uploads\/2025\/08\/bar-santa-maria-logo.webp","contentUrl":"https:\/\/barsantamaria.com\/wp-content\/uploads\/2025\/08\/bar-santa-maria-logo.webp","width":447,"height":187,"caption":"Bar Santa Mar\u00eda"},"image":{"@id":"https:\/\/barsantamaria.com\/#\/schema\/logo\/image\/"},"sameAs":["https:\/\/www.facebook.com\/RestauranteBarSantaMaria\/?locale=es_ES","https:\/\/www.instagram.com\/snackbarsantamaria\/"]}]}},"_links":{"self":[{"href":"https:\/\/barsantamaria.com\/en\/wp-json\/wp\/v2\/pages\/740","targetHints":{"allow":["GET"]}}],"collection":[{"href":"https:\/\/barsantamaria.com\/en\/wp-json\/wp\/v2\/pages"}],"about":[{"href":"https:\/\/barsantamaria.com\/en\/wp-json\/wp\/v2\/types\/page"}],"author":[{"embeddable":true,"href":"https:\/\/barsantamaria.com\/en\/wp-json\/wp\/v2\/users\/1"}],"replies":[{"embeddable":true,"href":"https:\/\/barsantamaria.com\/en\/wp-json\/wp\/v2\/comments?post=740"}],"version-history":[{"count":1,"href":"https:\/\/barsantamaria.com\/en\/wp-json\/wp\/v2\/pages\/740\/revisions"}],"predecessor-version":[{"id":861,"href":"https:\/\/barsantamaria.com\/en\/wp-json\/wp\/v2\/pages\/740\/revisions\/861"}],"wp:attachment":[{"href":"https:\/\/barsantamaria.com\/en\/wp-json\/wp\/v2\/media?parent=740"}],"curies":[{"name":"wp","href":"https:\/\/api.w.org\/{rel}","templated":true}]}}