{"id":476,"date":"2025-08-06T10:22:57","date_gmt":"2025-08-06T08:22:57","guid":{"rendered":"https:\/\/barsantamaria.com\/cerritos\/?page_id=476"},"modified":"2026-04-21T13:55:52","modified_gmt":"2026-04-21T11:55:52","slug":"alergenos","status":"publish","type":"page","link":"https:\/\/barsantamaria.com\/en\/alergenos\/","title":{"rendered":"Allergens"},"content":{"rendered":"<div data-elementor-type=\"wp-page\" data-elementor-id=\"476\" class=\"elementor elementor-476\" data-elementor-post-type=\"page\">\n\t\t\t\t<div class=\"elementor-element elementor-element-5168979 e-flex e-con-boxed e-con e-parent\" data-id=\"5168979\" data-element_type=\"container\" data-e-type=\"container\" data-settings=\"{&quot;background_background&quot;:&quot;classic&quot;}\">\n\t\t\t\t\t<div class=\"e-con-inner\">\n\t\t<div class=\"elementor-element elementor-element-e18d7ed e-con-full e-flex e-con e-child\" data-id=\"e18d7ed\" data-element_type=\"container\" data-e-type=\"container\">\n\t\t\t\t<div class=\"elementor-element elementor-element-9946145 elementor-view-default elementor-widget elementor-widget-icon\" data-id=\"9946145\" data-element_type=\"widget\" data-e-type=\"widget\" data-widget_type=\"icon.default\">\n\t\t\t\t\t\t\t<div class=\"elementor-icon-wrapper\">\n\t\t\t<div class=\"elementor-icon\">\n\t\t\t<svg xmlns=\"http:\/\/www.w3.org\/2000\/svg\" width=\"600\" height=\"47\" viewbox=\"0 0 600 47\" fill=\"none\"><path d=\"M1.99998 47L2 2L598 2L598 47\" stroke=\"white\" stroke-width=\"3\"><\/path><\/svg>\t\t\t<\/div>\n\t\t<\/div>\n\t\t\t\t\t\t<\/div>\n\t\t<div class=\"elementor-element elementor-element-3280249 e-con-full e-flex e-con e-child\" data-id=\"3280249\" data-element_type=\"container\" data-e-type=\"container\">\n\t\t\t\t<div class=\"elementor-element elementor-element-fb72bca elementor-widget__width-inherit elementor-widget elementor-widget-heading\" data-id=\"fb72bca\" data-element_type=\"widget\" data-e-type=\"widget\" data-widget_type=\"heading.default\">\n\t\t\t\t\t<h2 class=\"elementor-heading-title elementor-size-default\">List of allergens.<\/h2>\t\t\t\t<\/div>\n\t\t\t\t<div class=\"elementor-element elementor-element-dd4cbc2 elementor-widget__width-initial elementor-widget elementor-widget-text-editor\" data-id=\"dd4cbc2\" data-element_type=\"widget\" data-e-type=\"widget\" data-widget_type=\"text-editor.default\">\n\t\t\t\t\t\t\t\t\t<p>1- Contains Gluten\u00a0<br \/>2- Crustaceans<br \/>3- Egg<br \/>4- Fish<br \/>5- Peanuts<br \/>6- Soy<br \/>7- Dairy products<\/p>\t\t\t\t\t\t\t\t<\/div>\n\t\t\t\t<div class=\"elementor-element elementor-element-9472756 elementor-widget__width-initial elementor-widget elementor-widget-text-editor\" data-id=\"9472756\" data-element_type=\"widget\" data-e-type=\"widget\" data-widget_type=\"text-editor.default\">\n\t\t\t\t\t\t\t\t\t<p>8- Nuts<br \/>9- Celery<br \/>10- Mustard<br \/>11- Sesame seeds<br \/>12- Sulfur dioxide and sulfites<br \/>13- Lupins<br \/>14- Mollusks<\/p>\t\t\t\t\t\t\t\t<\/div>\n\t\t\t\t<\/div>\n\t\t\t\t<div class=\"elementor-element elementor-element-1a8e38a elementor-view-default elementor-widget elementor-widget-icon\" data-id=\"1a8e38a\" data-element_type=\"widget\" data-e-type=\"widget\" data-widget_type=\"icon.default\">\n\t\t\t\t\t\t\t<div class=\"elementor-icon-wrapper\">\n\t\t\t<div class=\"elementor-icon\">\n\t\t\t<svg xmlns=\"http:\/\/www.w3.org\/2000\/svg\" width=\"600\" height=\"47\" viewbox=\"0 0 600 47\" fill=\"none\"><path d=\"M598 -7.02143e-05L598 45L2 45.0001L2 6.281e-05\" stroke=\"white\" stroke-width=\"3\"><\/path><\/svg>\t\t\t<\/div>\n\t\t<\/div>\n\t\t\t\t\t\t<\/div>\n\t\t\t\t<\/div>\n\t\t\t\t<div class=\"elementor-element elementor-element-f8cf10e elementor-widget-mobile__width-inherit elementor-view-default elementor-widget elementor-widget-icon\" data-id=\"f8cf10e\" data-element_type=\"widget\" data-e-type=\"widget\" data-widget_type=\"icon.default\">\n\t\t\t\t\t\t\t<div class=\"elementor-icon-wrapper\">\n\t\t\t<a class=\"elementor-icon\" href=\"https:\/\/barsantamaria.com\/en\/carta\/\">\n\t\t\t<svg xmlns=\"http:\/\/www.w3.org\/2000\/svg\" width=\"62\" height=\"62\" viewbox=\"0 0 62 62\" fill=\"none\"><circle cx=\"31\" cy=\"31\" r=\"29.5\" stroke=\"white\" stroke-width=\"3\"><\/circle><path d=\"M38 24L23 39\" stroke=\"white\" stroke-width=\"3\"><\/path><path d=\"M23 24L37.1667 39\" stroke=\"white\" stroke-width=\"3\"><\/path><\/svg>\t\t\t<\/a>\n\t\t<\/div>\n\t\t\t\t\t\t<\/div>\n\t\t\t\t\t<\/div>\n\t\t\t\t<\/div>\n\t\t\t\t<\/div>","protected":false},"excerpt":{"rendered":"<p>List of allergens. 1- Contains Gluten 2- Crustaceans 3- Egg 4- Fish 5- Peanuts 6- Soy 7- Dairy 8- Nuts 9- Celery 10- Mustard 11- Sesame seeds 12- Sulfur dioxide and sulfites 13- Lupins 14- Mollusks<\/p>","protected":false},"author":2,"featured_media":565,"parent":0,"menu_order":0,"comment_status":"closed","ping_status":"closed","template":"","meta":{"footnotes":""},"class_list":["post-476","page","type-page","status-publish","has-post-thumbnail","hentry"],"yoast_head":"<!-- This site is optimized with the Yoast SEO plugin v27.5 - https:\/\/yoast.com\/product\/yoast-seo-wordpress\/ -->\n<title>Al\u00e9rgenos ,informaci\u00f3n sobre intolerancias en Bar\u202fSanta\u202fMar\u00eda - Bar Santa Mar\u00eda<\/title>\n<meta name=\"description\" content=\"Consulta nuestra gu\u00eda de al\u00e9rgenos comunes y posibles trazas en nuestros platos, para disfrutar de tu comida con confianza.\" \/>\n<meta name=\"robots\" content=\"noindex, follow\" \/>\n<meta property=\"og:locale\" content=\"en_GB\" \/>\n<meta property=\"og:type\" content=\"article\" \/>\n<meta property=\"og:title\" content=\"Al\u00e9rgenos ,informaci\u00f3n sobre intolerancias en Bar\u202fSanta\u202fMar\u00eda - Bar Santa Mar\u00eda\" \/>\n<meta property=\"og:description\" content=\"Consulta nuestra gu\u00eda de al\u00e9rgenos comunes y posibles trazas en nuestros platos, para disfrutar de tu comida con confianza.\" \/>\n<meta property=\"og:url\" content=\"https:\/\/barsantamaria.com\/en\/alergenos\/\" \/>\n<meta property=\"og:site_name\" content=\"Bar Santa Mar\u00eda\" \/>\n<meta property=\"article:publisher\" content=\"https:\/\/www.facebook.com\/RestauranteBarSantaMaria\/?locale=es_ES\" \/>\n<meta property=\"article:modified_time\" content=\"2026-04-21T11:55:52+00:00\" \/>\n<meta property=\"og:image\" content=\"https:\/\/barsantamaria.com\/wp-content\/uploads\/2025\/08\/almejas-a-la-marinera.webp\" \/>\n\t<meta property=\"og:image:width\" content=\"1046\" \/>\n\t<meta property=\"og:image:height\" content=\"455\" \/>\n\t<meta property=\"og:image:type\" content=\"image\/webp\" \/>\n<meta name=\"twitter:card\" content=\"summary_large_image\" \/>\n<meta name=\"twitter:label1\" content=\"Estimated reading time\" \/>\n\t<meta name=\"twitter:data1\" content=\"1 minute\" \/>\n<script type=\"application\/ld+json\" class=\"yoast-schema-graph\">{\"@context\":\"https:\\\/\\\/schema.org\",\"@graph\":[{\"@type\":\"WebPage\",\"@id\":\"https:\\\/\\\/barsantamaria.com\\\/alergenos\\\/\",\"url\":\"https:\\\/\\\/barsantamaria.com\\\/alergenos\\\/\",\"name\":\"Al\u00e9rgenos ,informaci\u00f3n sobre intolerancias en Bar\u202fSanta\u202fMar\u00eda - Bar Santa Mar\u00eda\",\"isPartOf\":{\"@id\":\"https:\\\/\\\/barsantamaria.com\\\/#website\"},\"primaryImageOfPage\":{\"@id\":\"https:\\\/\\\/barsantamaria.com\\\/alergenos\\\/#primaryimage\"},\"image\":{\"@id\":\"https:\\\/\\\/barsantamaria.com\\\/alergenos\\\/#primaryimage\"},\"thumbnailUrl\":\"https:\\\/\\\/barsantamaria.com\\\/wp-content\\\/uploads\\\/2025\\\/08\\\/almejas-a-la-marinera.webp\",\"datePublished\":\"2025-08-06T08:22:57+00:00\",\"dateModified\":\"2026-04-21T11:55:52+00:00\",\"description\":\"Consulta nuestra gu\u00eda de al\u00e9rgenos comunes y posibles trazas en nuestros platos, para disfrutar de tu comida con confianza.\",\"breadcrumb\":{\"@id\":\"https:\\\/\\\/barsantamaria.com\\\/alergenos\\\/#breadcrumb\"},\"inLanguage\":\"en-GB\",\"potentialAction\":[{\"@type\":\"ReadAction\",\"target\":[\"https:\\\/\\\/barsantamaria.com\\\/alergenos\\\/\"]}]},{\"@type\":\"ImageObject\",\"inLanguage\":\"en-GB\",\"@id\":\"https:\\\/\\\/barsantamaria.com\\\/alergenos\\\/#primaryimage\",\"url\":\"https:\\\/\\\/barsantamaria.com\\\/wp-content\\\/uploads\\\/2025\\\/08\\\/almejas-a-la-marinera.webp\",\"contentUrl\":\"https:\\\/\\\/barsantamaria.com\\\/wp-content\\\/uploads\\\/2025\\\/08\\\/almejas-a-la-marinera.webp\",\"width\":1046,\"height\":455,\"caption\":\"Almejas a la marinera, plato de la carta del Bar Santa Mar\u00eda en C\u00e1diz\"},{\"@type\":\"BreadcrumbList\",\"@id\":\"https:\\\/\\\/barsantamaria.com\\\/alergenos\\\/#breadcrumb\",\"itemListElement\":[{\"@type\":\"ListItem\",\"position\":1,\"name\":\"Portada\",\"item\":\"https:\\\/\\\/barsantamaria.com\\\/\"},{\"@type\":\"ListItem\",\"position\":2,\"name\":\"Al\u00e9rgenos\"}]},{\"@type\":\"WebSite\",\"@id\":\"https:\\\/\\\/barsantamaria.com\\\/#website\",\"url\":\"https:\\\/\\\/barsantamaria.com\\\/\",\"name\":\"Bar Santa Mar\u00eda\",\"description\":\"\",\"publisher\":{\"@id\":\"https:\\\/\\\/barsantamaria.com\\\/#organization\"},\"potentialAction\":[{\"@type\":\"SearchAction\",\"target\":{\"@type\":\"EntryPoint\",\"urlTemplate\":\"https:\\\/\\\/barsantamaria.com\\\/?s={search_term_string}\"},\"query-input\":{\"@type\":\"PropertyValueSpecification\",\"valueRequired\":true,\"valueName\":\"search_term_string\"}}],\"inLanguage\":\"en-GB\"},{\"@type\":\"Organization\",\"@id\":\"https:\\\/\\\/barsantamaria.com\\\/#organization\",\"name\":\"Bar Santa Mar\u00eda\",\"url\":\"https:\\\/\\\/barsantamaria.com\\\/\",\"logo\":{\"@type\":\"ImageObject\",\"inLanguage\":\"en-GB\",\"@id\":\"https:\\\/\\\/barsantamaria.com\\\/#\\\/schema\\\/logo\\\/image\\\/\",\"url\":\"https:\\\/\\\/barsantamaria.com\\\/wp-content\\\/uploads\\\/2025\\\/08\\\/bar-santa-maria-logo.webp\",\"contentUrl\":\"https:\\\/\\\/barsantamaria.com\\\/wp-content\\\/uploads\\\/2025\\\/08\\\/bar-santa-maria-logo.webp\",\"width\":447,\"height\":187,\"caption\":\"Bar Santa Mar\u00eda\"},\"image\":{\"@id\":\"https:\\\/\\\/barsantamaria.com\\\/#\\\/schema\\\/logo\\\/image\\\/\"},\"sameAs\":[\"https:\\\/\\\/www.facebook.com\\\/RestauranteBarSantaMaria\\\/?locale=es_ES\",\"https:\\\/\\\/www.instagram.com\\\/snackbarsantamaria\\\/\"]}]}<\/script>\n<!-- \/ Yoast SEO plugin. -->","yoast_head_json":{"title":"Al\u00e9rgenos ,informaci\u00f3n sobre intolerancias en Bar\u202fSanta\u202fMar\u00eda - Bar Santa Mar\u00eda","description":"Consulta nuestra gu\u00eda de al\u00e9rgenos comunes y posibles trazas en nuestros platos, para disfrutar de tu comida con confianza.","robots":{"index":"noindex","follow":"follow"},"og_locale":"en_GB","og_type":"article","og_title":"Al\u00e9rgenos ,informaci\u00f3n sobre intolerancias en Bar\u202fSanta\u202fMar\u00eda - Bar Santa Mar\u00eda","og_description":"Consulta nuestra gu\u00eda de al\u00e9rgenos comunes y posibles trazas en nuestros platos, para disfrutar de tu comida con confianza.","og_url":"https:\/\/barsantamaria.com\/en\/alergenos\/","og_site_name":"Bar Santa Mar\u00eda","article_publisher":"https:\/\/www.facebook.com\/RestauranteBarSantaMaria\/?locale=es_ES","article_modified_time":"2026-04-21T11:55:52+00:00","og_image":[{"width":1046,"height":455,"url":"https:\/\/barsantamaria.com\/wp-content\/uploads\/2025\/08\/almejas-a-la-marinera.webp","type":"image\/webp"}],"twitter_card":"summary_large_image","twitter_misc":{"Estimated reading time":"1 minute"},"schema":{"@context":"https:\/\/schema.org","@graph":[{"@type":"WebPage","@id":"https:\/\/barsantamaria.com\/alergenos\/","url":"https:\/\/barsantamaria.com\/alergenos\/","name":"Al\u00e9rgenos ,informaci\u00f3n sobre intolerancias en Bar\u202fSanta\u202fMar\u00eda - Bar Santa Mar\u00eda","isPartOf":{"@id":"https:\/\/barsantamaria.com\/#website"},"primaryImageOfPage":{"@id":"https:\/\/barsantamaria.com\/alergenos\/#primaryimage"},"image":{"@id":"https:\/\/barsantamaria.com\/alergenos\/#primaryimage"},"thumbnailUrl":"https:\/\/barsantamaria.com\/wp-content\/uploads\/2025\/08\/almejas-a-la-marinera.webp","datePublished":"2025-08-06T08:22:57+00:00","dateModified":"2026-04-21T11:55:52+00:00","description":"Consulta nuestra gu\u00eda de al\u00e9rgenos comunes y posibles trazas en nuestros platos, para disfrutar de tu comida con confianza.","breadcrumb":{"@id":"https:\/\/barsantamaria.com\/alergenos\/#breadcrumb"},"inLanguage":"en-GB","potentialAction":[{"@type":"ReadAction","target":["https:\/\/barsantamaria.com\/alergenos\/"]}]},{"@type":"ImageObject","inLanguage":"en-GB","@id":"https:\/\/barsantamaria.com\/alergenos\/#primaryimage","url":"https:\/\/barsantamaria.com\/wp-content\/uploads\/2025\/08\/almejas-a-la-marinera.webp","contentUrl":"https:\/\/barsantamaria.com\/wp-content\/uploads\/2025\/08\/almejas-a-la-marinera.webp","width":1046,"height":455,"caption":"Almejas a la marinera, plato de la carta del Bar Santa Mar\u00eda en C\u00e1diz"},{"@type":"BreadcrumbList","@id":"https:\/\/barsantamaria.com\/alergenos\/#breadcrumb","itemListElement":[{"@type":"ListItem","position":1,"name":"Portada","item":"https:\/\/barsantamaria.com\/"},{"@type":"ListItem","position":2,"name":"Al\u00e9rgenos"}]},{"@type":"WebSite","@id":"https:\/\/barsantamaria.com\/#website","url":"https:\/\/barsantamaria.com\/","name":"Bar Santa Mar\u00eda","description":"","publisher":{"@id":"https:\/\/barsantamaria.com\/#organization"},"potentialAction":[{"@type":"SearchAction","target":{"@type":"EntryPoint","urlTemplate":"https:\/\/barsantamaria.com\/?s={search_term_string}"},"query-input":{"@type":"PropertyValueSpecification","valueRequired":true,"valueName":"search_term_string"}}],"inLanguage":"en-GB"},{"@type":"Organization","@id":"https:\/\/barsantamaria.com\/#organization","name":"Bar Santa Mar\u00eda","url":"https:\/\/barsantamaria.com\/","logo":{"@type":"ImageObject","inLanguage":"en-GB","@id":"https:\/\/barsantamaria.com\/#\/schema\/logo\/image\/","url":"https:\/\/barsantamaria.com\/wp-content\/uploads\/2025\/08\/bar-santa-maria-logo.webp","contentUrl":"https:\/\/barsantamaria.com\/wp-content\/uploads\/2025\/08\/bar-santa-maria-logo.webp","width":447,"height":187,"caption":"Bar Santa Mar\u00eda"},"image":{"@id":"https:\/\/barsantamaria.com\/#\/schema\/logo\/image\/"},"sameAs":["https:\/\/www.facebook.com\/RestauranteBarSantaMaria\/?locale=es_ES","https:\/\/www.instagram.com\/snackbarsantamaria\/"]}]}},"_links":{"self":[{"href":"https:\/\/barsantamaria.com\/en\/wp-json\/wp\/v2\/pages\/476","targetHints":{"allow":["GET"]}}],"collection":[{"href":"https:\/\/barsantamaria.com\/en\/wp-json\/wp\/v2\/pages"}],"about":[{"href":"https:\/\/barsantamaria.com\/en\/wp-json\/wp\/v2\/types\/page"}],"author":[{"embeddable":true,"href":"https:\/\/barsantamaria.com\/en\/wp-json\/wp\/v2\/users\/2"}],"replies":[{"embeddable":true,"href":"https:\/\/barsantamaria.com\/en\/wp-json\/wp\/v2\/comments?post=476"}],"version-history":[{"count":1,"href":"https:\/\/barsantamaria.com\/en\/wp-json\/wp\/v2\/pages\/476\/revisions"}],"predecessor-version":[{"id":860,"href":"https:\/\/barsantamaria.com\/en\/wp-json\/wp\/v2\/pages\/476\/revisions\/860"}],"wp:featuredmedia":[{"embeddable":true,"href":"https:\/\/barsantamaria.com\/en\/wp-json\/wp\/v2\/media\/565"}],"wp:attachment":[{"href":"https:\/\/barsantamaria.com\/en\/wp-json\/wp\/v2\/media?parent=476"}],"curies":[{"name":"wp","href":"https:\/\/api.w.org\/{rel}","templated":true}]}}