{"id":388,"date":"2025-08-05T12:06:11","date_gmt":"2025-08-05T10:06:11","guid":{"rendered":"https:\/\/barsantamaria.com\/cerritos\/?page_id=388"},"modified":"2026-04-21T13:45:12","modified_gmt":"2026-04-21T11:45:12","slug":"contacto","status":"publish","type":"page","link":"https:\/\/barsantamaria.com\/en\/contacto\/","title":{"rendered":"Contact"},"content":{"rendered":"\t\t<div data-elementor-type=\"wp-page\" data-elementor-id=\"388\" class=\"elementor elementor-388\" data-elementor-post-type=\"page\">\n\t\t\t\t<div class=\"elementor-element elementor-element-a5ef305 e-flex e-con-boxed e-con e-parent\" data-id=\"a5ef305\" data-element_type=\"container\" data-e-type=\"container\" data-settings=\"{&quot;background_background&quot;:&quot;classic&quot;}\">\n\t\t\t\t\t<div class=\"e-con-inner\">\n\t\t<div class=\"elementor-element elementor-element-828aa21 e-con-full e-flex e-con e-child\" data-id=\"828aa21\" data-element_type=\"container\" data-e-type=\"container\">\n\t\t\t\t<div class=\"elementor-element elementor-element-498b1ad elementor-widget elementor-widget-image\" data-id=\"498b1ad\" data-element_type=\"widget\" data-e-type=\"widget\" data-widget_type=\"image.default\">\n\t\t\t\t\t\t\t\t\t\t\t\t\t\t\t<img fetchpriority=\"high\" decoding=\"async\" width=\"1046\" height=\"455\" src=\"https:\/\/barsantamaria.com\/wp-content\/uploads\/2025\/08\/restaurante-gaditano-en-puerto-de-santa-Maria.webp\" class=\"attachment-full size-full wp-image-574\" alt=\"Ambiente del restaurante Bar Santa Mar\u00eda junto al Parque Calder\u00f3n en El Puerto de Santa Mar\u00eda\" srcset=\"https:\/\/barsantamaria.com\/wp-content\/uploads\/2025\/08\/restaurante-gaditano-en-puerto-de-santa-Maria.webp 1046w, https:\/\/barsantamaria.com\/wp-content\/uploads\/2025\/08\/restaurante-gaditano-en-puerto-de-santa-Maria-300x130.webp 300w, https:\/\/barsantamaria.com\/wp-content\/uploads\/2025\/08\/restaurante-gaditano-en-puerto-de-santa-Maria-1024x445.webp 1024w, https:\/\/barsantamaria.com\/wp-content\/uploads\/2025\/08\/restaurante-gaditano-en-puerto-de-santa-Maria-768x334.webp 768w, https:\/\/barsantamaria.com\/wp-content\/uploads\/2025\/08\/restaurante-gaditano-en-puerto-de-santa-Maria-18x8.webp 18w\" sizes=\"(max-width: 1046px) 100vw, 1046px\" \/>\t\t\t\t\t\t\t\t\t\t\t\t\t\t\t<\/div>\n\t\t\t\t<div class=\"elementor-element elementor-element-856c669 elementor-widget__width-initial elementor-invisible elementor-widget elementor-widget-heading\" data-id=\"856c669\" data-element_type=\"widget\" data-e-type=\"widget\" data-settings=\"{&quot;_animation&quot;:&quot;fadeIn&quot;}\" data-widget_type=\"heading.default\">\n\t\t\t\t\t<h1 class=\"elementor-heading-title elementor-size-default\">Contacto<\/h1>\t\t\t\t<\/div>\n\t\t\t\t<div class=\"elementor-element elementor-element-b27ef2f elementor-widget elementor-widget-text-editor\" data-id=\"b27ef2f\" data-element_type=\"widget\" data-e-type=\"widget\" data-widget_type=\"text-editor.default\">\n\t\t\t\t\t\t\t\t\t<p>Si necesitas contactarnos, puedes hacerlo a trav\u00e9s de nuestro WhatsApp, mail o formulario.\u00a0<\/p>\t\t\t\t\t\t\t\t<\/div>\n\t\t\t\t<div class=\"elementor-element elementor-element-ec3e73b elementor-icon-list--layout-traditional elementor-list-item-link-full_width elementor-widget elementor-widget-icon-list\" data-id=\"ec3e73b\" data-element_type=\"widget\" data-e-type=\"widget\" data-widget_type=\"icon-list.default\">\n\t\t\t\t\t\t\t<ul class=\"elementor-icon-list-items\">\n\t\t\t\t\t\t\t<li class=\"elementor-icon-list-item\">\n\t\t\t\t\t\t\t\t\t\t\t<a href=\"mailto:info@barsantamaria.com\" target=\"_blank\">\n\n\t\t\t\t\t\t\t\t\t\t\t\t<span class=\"elementor-icon-list-icon\">\n\t\t\t\t\t\t\t<svg aria-hidden=\"true\" class=\"e-font-icon-svg e-far-envelope\" viewBox=\"0 0 512 512\" xmlns=\"http:\/\/www.w3.org\/2000\/svg\"><path d=\"M464 64H48C21.49 64 0 85.49 0 112v288c0 26.51 21.49 48 48 48h416c26.51 0 48-21.49 48-48V112c0-26.51-21.49-48-48-48zm0 48v40.805c-22.422 18.259-58.168 46.651-134.587 106.49-16.841 13.247-50.201 45.072-73.413 44.701-23.208.375-56.579-31.459-73.413-44.701C106.18 199.465 70.425 171.067 48 152.805V112h416zM48 400V214.398c22.914 18.251 55.409 43.862 104.938 82.646 21.857 17.205 60.134 55.186 103.062 54.955 42.717.231 80.509-37.199 103.053-54.947 49.528-38.783 82.032-64.401 104.947-82.653V400H48z\"><\/path><\/svg>\t\t\t\t\t\t<\/span>\n\t\t\t\t\t\t\t\t\t\t<span class=\"elementor-icon-list-text\">info@barsantamaria.com<\/span>\n\t\t\t\t\t\t\t\t\t\t\t<\/a>\n\t\t\t\t\t\t\t\t\t<\/li>\n\t\t\t\t\t\t\t\t<li class=\"elementor-icon-list-item\">\n\t\t\t\t\t\t\t\t\t\t\t<a href=\"tel:+34699545098\" target=\"_blank\">\n\n\t\t\t\t\t\t\t\t\t\t\t\t<span class=\"elementor-icon-list-icon\">\n\t\t\t\t\t\t\t<svg aria-hidden=\"true\" class=\"e-font-icon-svg e-fas-phone-alt\" viewBox=\"0 0 512 512\" xmlns=\"http:\/\/www.w3.org\/2000\/svg\"><path d=\"M497.39 361.8l-112-48a24 24 0 0 0-28 6.9l-49.6 60.6A370.66 370.66 0 0 1 130.6 204.11l60.6-49.6a23.94 23.94 0 0 0 6.9-28l-48-112A24.16 24.16 0 0 0 122.6.61l-104 24A24 24 0 0 0 0 48c0 256.5 207.9 464 464 464a24 24 0 0 0 23.4-18.6l24-104a24.29 24.29 0 0 0-14.01-27.6z\"><\/path><\/svg>\t\t\t\t\t\t<\/span>\n\t\t\t\t\t\t\t\t\t\t<span class=\"elementor-icon-list-text\">+34 699 545 098<\/span>\n\t\t\t\t\t\t\t\t\t\t\t<\/a>\n\t\t\t\t\t\t\t\t\t<\/li>\n\t\t\t\t\t\t<\/ul>\n\t\t\t\t\t\t<\/div>\n\t\t\t\t<\/div>\n\t\t\t\t<div class=\"elementor-element elementor-element-052aa0b olab-contact-form elementor-widget__width-initial elementor-button-align-stretch elementor-widget elementor-widget-form\" data-id=\"052aa0b\" data-element_type=\"widget\" data-e-type=\"widget\" data-settings=\"{&quot;step_next_label&quot;:&quot;Siguiente&quot;,&quot;step_previous_label&quot;:&quot;Anterior&quot;,&quot;button_width&quot;:&quot;100&quot;,&quot;step_type&quot;:&quot;number_text&quot;,&quot;step_icon_shape&quot;:&quot;circle&quot;}\" data-widget_type=\"form.default\">\n\t\t\t\t\t\t\t<form class=\"elementor-form\" method=\"post\" name=\"Formulario contacto INICIO\" aria-label=\"Formulario contacto INICIO\">\n\t\t\t<input type=\"hidden\" name=\"post_id\" value=\"388\"\/>\n\t\t\t<input type=\"hidden\" name=\"form_id\" value=\"052aa0b\"\/>\n\t\t\t<input type=\"hidden\" name=\"referer_title\" value=\"Bar Santa Mar\u00eda\" \/>\n\n\t\t\t\n\t\t\t<div class=\"elementor-form-fields-wrapper elementor-labels-above\">\n\t\t\t\t\t\t\t\t<div class=\"elementor-field-type-text elementor-field-group elementor-column elementor-field-group-name elementor-col-100\">\n\t\t\t\t\t\t\t\t\t\t\t\t<label for=\"form-field-name\" class=\"elementor-field-label\">\n\t\t\t\t\t\t\t\tTu nombre\t\t\t\t\t\t\t<\/label>\n\t\t\t\t\t\t\t\t\t\t\t\t\t\t<input size=\"1\" type=\"text\" name=\"form_fields[name]\" id=\"form-field-name\" class=\"elementor-field elementor-size-sm  elementor-field-textual\" placeholder=\"Nombre\">\n\t\t\t\t\t\t\t\t\t\t\t<\/div>\n\t\t\t\t\t\t\t\t<div class=\"elementor-field-type-email elementor-field-group elementor-column elementor-field-group-email elementor-col-100 elementor-field-required elementor-mark-required\">\n\t\t\t\t\t\t\t\t\t\t\t\t<label for=\"form-field-email\" class=\"elementor-field-label\">\n\t\t\t\t\t\t\t\tTu Mail\t\t\t\t\t\t\t<\/label>\n\t\t\t\t\t\t\t\t\t\t\t\t\t\t<input size=\"1\" type=\"email\" name=\"form_fields[email]\" id=\"form-field-email\" class=\"elementor-field elementor-size-sm  elementor-field-textual\" placeholder=\"Email\" required=\"required\">\n\t\t\t\t\t\t\t\t\t\t\t<\/div>\n\t\t\t\t\t\t\t\t<div class=\"elementor-field-type-tel elementor-field-group elementor-column elementor-field-group-field_f12bae0 elementor-col-100 elementor-field-required elementor-mark-required\">\n\t\t\t\t\t\t\t\t\t\t\t\t<label for=\"form-field-field_f12bae0\" class=\"elementor-field-label\">\n\t\t\t\t\t\t\t\tTu Tel\u00e9fono\t\t\t\t\t\t\t<\/label>\n\t\t\t\t\t\t\t\t<input size=\"1\" type=\"tel\" name=\"form_fields[field_f12bae0]\" id=\"form-field-field_f12bae0\" class=\"elementor-field elementor-size-sm  elementor-field-textual\" placeholder=\"Tel\u00e9fono\" required=\"required\" pattern=\"[0-9()#&amp;+*-=.]+\" title=\"Only numbers and phone characters (#, -, *, etc) are accepted.\">\n\n\t\t\t\t\t\t<\/div>\n\t\t\t\t\t\t\t\t<div class=\"elementor-field-type-text\">\n\t\t\t\t\t<input size=\"1\" type=\"text\" name=\"form_fields[field_8ad274f]\" id=\"form-field-field_8ad274f\" class=\"elementor-field elementor-size-sm \" style=\"display:none !important;\">\t\t\t\t<\/div>\n\t\t\t\t\t\t\t\t<div class=\"elementor-field-type-acceptance elementor-field-group elementor-column elementor-field-group-field_6e21b72 elementor-col-100\">\n\t\t\t\t\t\t\t<div class=\"elementor-field-subgroup\">\n\t\t\t<span class=\"elementor-field-option\">\n\t\t\t\t<input type=\"checkbox\" name=\"form_fields[field_6e21b72]\" id=\"form-field-field_6e21b72\" class=\"elementor-field elementor-size-sm  elementor-acceptance-field\">\n\t\t\t\t<label for=\"form-field-field_6e21b72\">Acepto la <a style=\"font-weight: 700; text-decoration: underline;\" href=\"\/politica-privacidad\">pol\u00edtica de privacidad<\/a><\/label>\t\t\t<\/span>\n\t\t<\/div>\n\t\t\t\t\t\t<\/div>\n\t\t\t\t\t\t\t\t<div class=\"elementor-field-group elementor-column elementor-field-type-submit elementor-col-100 e-form__buttons\">\n\t\t\t\t\t<button class=\"elementor-button elementor-size-md\" type=\"submit\">\n\t\t\t\t\t\t<span class=\"elementor-button-content-wrapper\">\n\t\t\t\t\t\t\t\t\t\t\t\t\t\t\t\t\t\t\t\t\t\t<span class=\"elementor-button-text\">Enviar<\/span>\n\t\t\t\t\t\t\t\t\t\t\t\t\t<\/span>\n\t\t\t\t\t<\/button>\n\t\t\t\t<\/div>\n\t\t\t<\/div>\n\t\t<\/form>\n\t\t\t\t\t\t<\/div>\n\t\t\t\t\t<\/div>\n\t\t\t\t<\/div>\n\t\t<div class=\"elementor-element elementor-element-7ede2ef e-flex e-con-boxed e-con e-parent\" data-id=\"7ede2ef\" data-element_type=\"container\" data-e-type=\"container\" data-settings=\"{&quot;background_background&quot;:&quot;classic&quot;}\">\n\t\t\t\t\t<div class=\"e-con-inner\">\n\t\t<div class=\"elementor-element elementor-element-9082706 e-con-full e-flex e-con e-child\" data-id=\"9082706\" data-element_type=\"container\" data-e-type=\"container\">\n\t\t\t\t<div class=\"elementor-element elementor-element-4ffaa54 elementor-widget elementor-widget-image\" data-id=\"4ffaa54\" data-element_type=\"widget\" data-e-type=\"widget\" data-widget_type=\"image.default\">\n\t\t\t\t\t\t\t\t\t\t\t\t\t\t\t<img decoding=\"async\" width=\"867\" height=\"1188\" src=\"https:\/\/barsantamaria.com\/wp-content\/uploads\/2025\/08\/gambas-al-ajillo.webp\" class=\"attachment-full size-full wp-image-701\" alt=\"Raci\u00f3n de gambas al ajillo, plato de la carta\" srcset=\"https:\/\/barsantamaria.com\/wp-content\/uploads\/2025\/08\/gambas-al-ajillo.webp 867w, https:\/\/barsantamaria.com\/wp-content\/uploads\/2025\/08\/gambas-al-ajillo-219x300.webp 219w, https:\/\/barsantamaria.com\/wp-content\/uploads\/2025\/08\/gambas-al-ajillo-747x1024.webp 747w, https:\/\/barsantamaria.com\/wp-content\/uploads\/2025\/08\/gambas-al-ajillo-768x1052.webp 768w, https:\/\/barsantamaria.com\/wp-content\/uploads\/2025\/08\/gambas-al-ajillo-9x12.webp 9w\" sizes=\"(max-width: 867px) 100vw, 867px\" \/>\t\t\t\t\t\t\t\t\t\t\t\t\t\t\t<\/div>\n\t\t\t\t<div class=\"elementor-element elementor-element-383455c elementor-hidden-mobile elementor-widget elementor-widget-image\" data-id=\"383455c\" data-element_type=\"widget\" data-e-type=\"widget\" data-widget_type=\"image.default\">\n\t\t\t\t\t\t\t\t\t\t\t\t\t\t\t<img decoding=\"async\" width=\"867\" height=\"1188\" src=\"https:\/\/barsantamaria.com\/wp-content\/uploads\/2025\/08\/ensaladilla-rusa.webp\" class=\"attachment-full size-full wp-image-702\" alt=\"Ensaladilla rusa casera con chocos fritos del Bar Santa Mar\u00eda en\" srcset=\"https:\/\/barsantamaria.com\/wp-content\/uploads\/2025\/08\/ensaladilla-rusa.webp 867w, https:\/\/barsantamaria.com\/wp-content\/uploads\/2025\/08\/ensaladilla-rusa-219x300.webp 219w, https:\/\/barsantamaria.com\/wp-content\/uploads\/2025\/08\/ensaladilla-rusa-747x1024.webp 747w, https:\/\/barsantamaria.com\/wp-content\/uploads\/2025\/08\/ensaladilla-rusa-768x1052.webp 768w, https:\/\/barsantamaria.com\/wp-content\/uploads\/2025\/08\/ensaladilla-rusa-9x12.webp 9w\" sizes=\"(max-width: 867px) 100vw, 867px\" \/>\t\t\t\t\t\t\t\t\t\t\t\t\t\t\t<\/div>\n\t\t\t\t<div class=\"elementor-element elementor-element-c1c6bb6 elementor-hidden-mobile elementor-hidden-tablet elementor-widget elementor-widget-image\" data-id=\"c1c6bb6\" data-element_type=\"widget\" data-e-type=\"widget\" data-widget_type=\"image.default\">\n\t\t\t\t\t\t\t\t\t\t\t\t\t\t\t<img loading=\"lazy\" decoding=\"async\" width=\"867\" height=\"1188\" src=\"https:\/\/barsantamaria.com\/wp-content\/uploads\/2025\/08\/pollo-empanado_.webp\" class=\"attachment-full size-full wp-image-703\" alt=\"Plato de pollo empanado de la carta del Bar Santa Mar\u00eda, El Puerto de Santa Mar\u00eda\" srcset=\"https:\/\/barsantamaria.com\/wp-content\/uploads\/2025\/08\/pollo-empanado_.webp 867w, https:\/\/barsantamaria.com\/wp-content\/uploads\/2025\/08\/pollo-empanado_-219x300.webp 219w, https:\/\/barsantamaria.com\/wp-content\/uploads\/2025\/08\/pollo-empanado_-747x1024.webp 747w, https:\/\/barsantamaria.com\/wp-content\/uploads\/2025\/08\/pollo-empanado_-768x1052.webp 768w, https:\/\/barsantamaria.com\/wp-content\/uploads\/2025\/08\/pollo-empanado_-9x12.webp 9w\" sizes=\"(max-width: 867px) 100vw, 867px\" \/>\t\t\t\t\t\t\t\t\t\t\t\t\t\t\t<\/div>\n\t\t\t\t<\/div>\n\t\t<div class=\"elementor-element elementor-element-add900a e-con-full e-flex e-con e-child\" data-id=\"add900a\" data-element_type=\"container\" data-e-type=\"container\">\n\t\t\t\t<div class=\"elementor-element elementor-element-edaaf70 elementor-widget__width-initial elementor-widget elementor-widget-heading\" data-id=\"edaaf70\" data-element_type=\"widget\" data-e-type=\"widget\" data-widget_type=\"heading.default\">\n\t\t\t\t\t<h2 class=\"elementor-heading-title elementor-size-default\">Bar Santa Mar\u00eda<\/h2>\t\t\t\t<\/div>\n\t\t\t\t<div class=\"elementor-element elementor-element-c3318b0 elementor-widget elementor-widget-text-editor\" data-id=\"c3318b0\" data-element_type=\"widget\" data-e-type=\"widget\" data-widget_type=\"text-editor.default\">\n\t\t\t\t\t\t\t\t\t<p>Ven en pareja, en familia o con amigos y disfruta de la cocina gaditana de siempre en el Parque Calder\u00f3n. Reserva tu mesa hoy.<\/p>\t\t\t\t\t\t\t\t<\/div>\n\t\t\t\t<div class=\"elementor-element elementor-element-d2bb0f6 elementor-align-justify elementor-widget__width-initial elementor-widget elementor-widget-button\" data-id=\"d2bb0f6\" data-element_type=\"widget\" data-e-type=\"widget\" data-widget_type=\"button.default\">\n\t\t\t\t\t\t\t\t\t\t<a class=\"elementor-button elementor-button-link elementor-size-sm\" href=\"https:\/\/wa.me\/34699545098\" target=\"_blank\">\n\t\t\t\t\t\t<span class=\"elementor-button-content-wrapper\">\n\t\t\t\t\t\t<span class=\"elementor-button-icon\">\n\t\t\t\t<svg aria-hidden=\"true\" class=\"e-font-icon-svg e-fab-whatsapp\" viewBox=\"0 0 448 512\" xmlns=\"http:\/\/www.w3.org\/2000\/svg\"><path d=\"M380.9 97.1C339 55.1 283.2 32 223.9 32c-122.4 0-222 99.6-222 222 0 39.1 10.2 77.3 29.6 111L0 480l117.7-30.9c32.4 17.7 68.9 27 106.1 27h.1c122.3 0 224.1-99.6 224.1-222 0-59.3-25.2-115-67.1-157zm-157 341.6c-33.2 0-65.7-8.9-94-25.7l-6.7-4-69.8 18.3L72 359.2l-4.4-7c-18.5-29.4-28.2-63.3-28.2-98.2 0-101.7 82.8-184.5 184.6-184.5 49.3 0 95.6 19.2 130.4 54.1 34.8 34.9 56.2 81.2 56.1 130.5 0 101.8-84.9 184.6-186.6 184.6zm101.2-138.2c-5.5-2.8-32.8-16.2-37.9-18-5.1-1.9-8.8-2.8-12.5 2.8-3.7 5.6-14.3 18-17.6 21.8-3.2 3.7-6.5 4.2-12 1.4-32.6-16.3-54-29.1-75.5-66-5.7-9.8 5.7-9.1 16.3-30.3 1.8-3.7.9-6.9-.5-9.7-1.4-2.8-12.5-30.1-17.1-41.2-4.5-10.8-9.1-9.3-12.5-9.5-3.2-.2-6.9-.2-10.6-.2-3.7 0-9.7 1.4-14.8 6.9-5.1 5.6-19.4 19-19.4 46.3 0 27.3 19.9 53.7 22.6 57.4 2.8 3.7 39.1 59.7 94.8 83.8 35.2 15.2 49 16.5 66.6 13.9 10.7-1.6 32.8-13.4 37.4-26.4 4.6-13 4.6-24.1 3.2-26.4-1.3-2.5-5-3.9-10.5-6.6z\"><\/path><\/svg>\t\t\t<\/span>\n\t\t\t\t\t\t\t\t\t<span class=\"elementor-button-text\">Reserva mesa<\/span>\n\t\t\t\t\t<\/span>\n\t\t\t\t\t<\/a>\n\t\t\t\t\t\t\t\t<\/div>\n\t\t\t\t<\/div>\n\t\t\t\t\t<\/div>\n\t\t\t\t<\/div>\n\t\t\t\t<\/div>\n\t\t","protected":false},"excerpt":{"rendered":"<p>Contacto Si necesitas contactarnos, puedes hacerlo a trav\u00e9s de nuestro WhatsApp, mail o formulario.\u00a0 info@barsantamaria.com +34 699 545 098 Bar Santa Mar\u00eda Ven en pareja, en familia o con amigos y disfruta de la cocina gaditana de siempre en el Parque Calder\u00f3n. Reserva tu mesa hoy. Reserva mesa<\/p>","protected":false},"author":2,"featured_media":574,"parent":0,"menu_order":0,"comment_status":"closed","ping_status":"closed","template":"","meta":{"footnotes":""},"class_list":["post-388","page","type-page","status-publish","has-post-thumbnail","hentry"],"yoast_head":"<!-- This site is optimized with the Yoast SEO plugin v27.5 - https:\/\/yoast.com\/product\/yoast-seo-wordpress\/ -->\n<title>Contacto y Reservas | Bar Santa Mar\u00eda \u2013 El Puerto de Santa Mar\u00eda<\/title>\n<meta name=\"description\" content=\"Ponte en contacto con Bar Santa Mar\u00eda para hacer tu reserva o resolver cualquier duda. Estamos en Parque Calder\u00f3n 7.\" \/>\n<meta name=\"robots\" content=\"index, follow, max-snippet:-1, max-image-preview:large, max-video-preview:-1\" \/>\n<link rel=\"canonical\" href=\"https:\/\/barsantamaria.com\/en\/contacto\/\" \/>\n<meta property=\"og:locale\" content=\"en_GB\" \/>\n<meta property=\"og:type\" content=\"article\" \/>\n<meta property=\"og:title\" content=\"Contacto y Reservas | Bar Santa Mar\u00eda \u2013 El Puerto de Santa Mar\u00eda\" \/>\n<meta property=\"og:description\" content=\"Ponte en contacto con Bar Santa Mar\u00eda para hacer tu reserva o resolver cualquier duda. Estamos en Parque Calder\u00f3n 7.\" \/>\n<meta property=\"og:url\" content=\"https:\/\/barsantamaria.com\/en\/contacto\/\" \/>\n<meta property=\"og:site_name\" content=\"Bar Santa Mar\u00eda\" \/>\n<meta property=\"article:publisher\" content=\"https:\/\/www.facebook.com\/RestauranteBarSantaMaria\/?locale=es_ES\" \/>\n<meta property=\"article:modified_time\" content=\"2026-04-21T11:45:12+00:00\" \/>\n<meta property=\"og:image\" content=\"https:\/\/barsantamaria.com\/wp-content\/uploads\/2025\/08\/restaurante-gaditano-en-puerto-de-santa-Maria.webp\" \/>\n\t<meta property=\"og:image:width\" content=\"1046\" \/>\n\t<meta property=\"og:image:height\" content=\"455\" \/>\n\t<meta property=\"og:image:type\" content=\"image\/webp\" \/>\n<meta name=\"twitter:card\" content=\"summary_large_image\" \/>\n<meta name=\"twitter:label1\" content=\"Estimated reading time\" \/>\n\t<meta name=\"twitter:data1\" content=\"2 minutes\" \/>\n<script type=\"application\/ld+json\" class=\"yoast-schema-graph\">{\"@context\":\"https:\\\/\\\/schema.org\",\"@graph\":[{\"@type\":\"WebPage\",\"@id\":\"https:\\\/\\\/barsantamaria.com\\\/contacto\\\/\",\"url\":\"https:\\\/\\\/barsantamaria.com\\\/contacto\\\/\",\"name\":\"Contacto y Reservas | Bar Santa Mar\u00eda \u2013 El Puerto de Santa Mar\u00eda\",\"isPartOf\":{\"@id\":\"https:\\\/\\\/barsantamaria.com\\\/#website\"},\"primaryImageOfPage\":{\"@id\":\"https:\\\/\\\/barsantamaria.com\\\/contacto\\\/#primaryimage\"},\"image\":{\"@id\":\"https:\\\/\\\/barsantamaria.com\\\/contacto\\\/#primaryimage\"},\"thumbnailUrl\":\"https:\\\/\\\/barsantamaria.com\\\/wp-content\\\/uploads\\\/2025\\\/08\\\/restaurante-gaditano-en-puerto-de-santa-Maria.webp\",\"datePublished\":\"2025-08-05T10:06:11+00:00\",\"dateModified\":\"2026-04-21T11:45:12+00:00\",\"description\":\"Ponte en contacto con Bar Santa Mar\u00eda para hacer tu reserva o resolver cualquier duda. Estamos en Parque Calder\u00f3n 7.\",\"breadcrumb\":{\"@id\":\"https:\\\/\\\/barsantamaria.com\\\/contacto\\\/#breadcrumb\"},\"inLanguage\":\"en-GB\",\"potentialAction\":[{\"@type\":\"ReadAction\",\"target\":[\"https:\\\/\\\/barsantamaria.com\\\/contacto\\\/\"]}]},{\"@type\":\"ImageObject\",\"inLanguage\":\"en-GB\",\"@id\":\"https:\\\/\\\/barsantamaria.com\\\/contacto\\\/#primaryimage\",\"url\":\"https:\\\/\\\/barsantamaria.com\\\/wp-content\\\/uploads\\\/2025\\\/08\\\/restaurante-gaditano-en-puerto-de-santa-Maria.webp\",\"contentUrl\":\"https:\\\/\\\/barsantamaria.com\\\/wp-content\\\/uploads\\\/2025\\\/08\\\/restaurante-gaditano-en-puerto-de-santa-Maria.webp\",\"width\":1046,\"height\":455,\"caption\":\"Ambiente del restaurante Bar Santa Mar\u00eda junto al Parque Calder\u00f3n en El Puerto de Santa Mar\u00eda\"},{\"@type\":\"BreadcrumbList\",\"@id\":\"https:\\\/\\\/barsantamaria.com\\\/contacto\\\/#breadcrumb\",\"itemListElement\":[{\"@type\":\"ListItem\",\"position\":1,\"name\":\"Portada\",\"item\":\"https:\\\/\\\/barsantamaria.com\\\/\"},{\"@type\":\"ListItem\",\"position\":2,\"name\":\"Contacto\"}]},{\"@type\":\"WebSite\",\"@id\":\"https:\\\/\\\/barsantamaria.com\\\/#website\",\"url\":\"https:\\\/\\\/barsantamaria.com\\\/\",\"name\":\"Bar Santa Mar\u00eda\",\"description\":\"\",\"publisher\":{\"@id\":\"https:\\\/\\\/barsantamaria.com\\\/#organization\"},\"potentialAction\":[{\"@type\":\"SearchAction\",\"target\":{\"@type\":\"EntryPoint\",\"urlTemplate\":\"https:\\\/\\\/barsantamaria.com\\\/?s={search_term_string}\"},\"query-input\":{\"@type\":\"PropertyValueSpecification\",\"valueRequired\":true,\"valueName\":\"search_term_string\"}}],\"inLanguage\":\"en-GB\"},{\"@type\":\"Organization\",\"@id\":\"https:\\\/\\\/barsantamaria.com\\\/#organization\",\"name\":\"Bar Santa Mar\u00eda\",\"url\":\"https:\\\/\\\/barsantamaria.com\\\/\",\"logo\":{\"@type\":\"ImageObject\",\"inLanguage\":\"en-GB\",\"@id\":\"https:\\\/\\\/barsantamaria.com\\\/#\\\/schema\\\/logo\\\/image\\\/\",\"url\":\"https:\\\/\\\/barsantamaria.com\\\/wp-content\\\/uploads\\\/2025\\\/08\\\/bar-santa-maria-logo.webp\",\"contentUrl\":\"https:\\\/\\\/barsantamaria.com\\\/wp-content\\\/uploads\\\/2025\\\/08\\\/bar-santa-maria-logo.webp\",\"width\":447,\"height\":187,\"caption\":\"Bar Santa Mar\u00eda\"},\"image\":{\"@id\":\"https:\\\/\\\/barsantamaria.com\\\/#\\\/schema\\\/logo\\\/image\\\/\"},\"sameAs\":[\"https:\\\/\\\/www.facebook.com\\\/RestauranteBarSantaMaria\\\/?locale=es_ES\",\"https:\\\/\\\/www.instagram.com\\\/snackbarsantamaria\\\/\"]}]}<\/script>\n<!-- \/ Yoast SEO plugin. -->","yoast_head_json":{"title":"Contacto y Reservas | Bar Santa Mar\u00eda \u2013 El Puerto de Santa Mar\u00eda","description":"Contact Bar Santa Mar\u00eda to make a reservation or answer any questions. We&#039;re located at Parque Calder\u00f3n 7.","robots":{"index":"index","follow":"follow","max-snippet":"max-snippet:-1","max-image-preview":"max-image-preview:large","max-video-preview":"max-video-preview:-1"},"canonical":"https:\/\/barsantamaria.com\/en\/contacto\/","og_locale":"en_GB","og_type":"article","og_title":"Contacto y Reservas | Bar Santa Mar\u00eda \u2013 El Puerto de Santa Mar\u00eda","og_description":"Ponte en contacto con Bar Santa Mar\u00eda para hacer tu reserva o resolver cualquier duda. Estamos en Parque Calder\u00f3n 7.","og_url":"https:\/\/barsantamaria.com\/en\/contacto\/","og_site_name":"Bar Santa Mar\u00eda","article_publisher":"https:\/\/www.facebook.com\/RestauranteBarSantaMaria\/?locale=es_ES","article_modified_time":"2026-04-21T11:45:12+00:00","og_image":[{"width":1046,"height":455,"url":"https:\/\/barsantamaria.com\/wp-content\/uploads\/2025\/08\/restaurante-gaditano-en-puerto-de-santa-Maria.webp","type":"image\/webp"}],"twitter_card":"summary_large_image","twitter_misc":{"Estimated reading time":"2 minutes"},"schema":{"@context":"https:\/\/schema.org","@graph":[{"@type":"WebPage","@id":"https:\/\/barsantamaria.com\/contacto\/","url":"https:\/\/barsantamaria.com\/contacto\/","name":"Contacto y Reservas | Bar Santa Mar\u00eda \u2013 El Puerto de Santa Mar\u00eda","isPartOf":{"@id":"https:\/\/barsantamaria.com\/#website"},"primaryImageOfPage":{"@id":"https:\/\/barsantamaria.com\/contacto\/#primaryimage"},"image":{"@id":"https:\/\/barsantamaria.com\/contacto\/#primaryimage"},"thumbnailUrl":"https:\/\/barsantamaria.com\/wp-content\/uploads\/2025\/08\/restaurante-gaditano-en-puerto-de-santa-Maria.webp","datePublished":"2025-08-05T10:06:11+00:00","dateModified":"2026-04-21T11:45:12+00:00","description":"Contact Bar Santa Mar\u00eda to make a reservation or answer any questions. We&#039;re located at Parque Calder\u00f3n 7.","breadcrumb":{"@id":"https:\/\/barsantamaria.com\/contacto\/#breadcrumb"},"inLanguage":"en-GB","potentialAction":[{"@type":"ReadAction","target":["https:\/\/barsantamaria.com\/contacto\/"]}]},{"@type":"ImageObject","inLanguage":"en-GB","@id":"https:\/\/barsantamaria.com\/contacto\/#primaryimage","url":"https:\/\/barsantamaria.com\/wp-content\/uploads\/2025\/08\/restaurante-gaditano-en-puerto-de-santa-Maria.webp","contentUrl":"https:\/\/barsantamaria.com\/wp-content\/uploads\/2025\/08\/restaurante-gaditano-en-puerto-de-santa-Maria.webp","width":1046,"height":455,"caption":"Ambiente del restaurante Bar Santa Mar\u00eda junto al Parque Calder\u00f3n en El Puerto de Santa Mar\u00eda"},{"@type":"BreadcrumbList","@id":"https:\/\/barsantamaria.com\/contacto\/#breadcrumb","itemListElement":[{"@type":"ListItem","position":1,"name":"Portada","item":"https:\/\/barsantamaria.com\/"},{"@type":"ListItem","position":2,"name":"Contacto"}]},{"@type":"WebSite","@id":"https:\/\/barsantamaria.com\/#website","url":"https:\/\/barsantamaria.com\/","name":"Bar Santa Mar\u00eda","description":"","publisher":{"@id":"https:\/\/barsantamaria.com\/#organization"},"potentialAction":[{"@type":"SearchAction","target":{"@type":"EntryPoint","urlTemplate":"https:\/\/barsantamaria.com\/?s={search_term_string}"},"query-input":{"@type":"PropertyValueSpecification","valueRequired":true,"valueName":"search_term_string"}}],"inLanguage":"en-GB"},{"@type":"Organization","@id":"https:\/\/barsantamaria.com\/#organization","name":"Bar Santa Mar\u00eda","url":"https:\/\/barsantamaria.com\/","logo":{"@type":"ImageObject","inLanguage":"en-GB","@id":"https:\/\/barsantamaria.com\/#\/schema\/logo\/image\/","url":"https:\/\/barsantamaria.com\/wp-content\/uploads\/2025\/08\/bar-santa-maria-logo.webp","contentUrl":"https:\/\/barsantamaria.com\/wp-content\/uploads\/2025\/08\/bar-santa-maria-logo.webp","width":447,"height":187,"caption":"Bar Santa Mar\u00eda"},"image":{"@id":"https:\/\/barsantamaria.com\/#\/schema\/logo\/image\/"},"sameAs":["https:\/\/www.facebook.com\/RestauranteBarSantaMaria\/?locale=es_ES","https:\/\/www.instagram.com\/snackbarsantamaria\/"]}]}},"_links":{"self":[{"href":"https:\/\/barsantamaria.com\/en\/wp-json\/wp\/v2\/pages\/388","targetHints":{"allow":["GET"]}}],"collection":[{"href":"https:\/\/barsantamaria.com\/en\/wp-json\/wp\/v2\/pages"}],"about":[{"href":"https:\/\/barsantamaria.com\/en\/wp-json\/wp\/v2\/types\/page"}],"author":[{"embeddable":true,"href":"https:\/\/barsantamaria.com\/en\/wp-json\/wp\/v2\/users\/2"}],"replies":[{"embeddable":true,"href":"https:\/\/barsantamaria.com\/en\/wp-json\/wp\/v2\/comments?post=388"}],"version-history":[{"count":7,"href":"https:\/\/barsantamaria.com\/en\/wp-json\/wp\/v2\/pages\/388\/revisions"}],"predecessor-version":[{"id":889,"href":"https:\/\/barsantamaria.com\/en\/wp-json\/wp\/v2\/pages\/388\/revisions\/889"}],"wp:featuredmedia":[{"embeddable":true,"href":"https:\/\/barsantamaria.com\/en\/wp-json\/wp\/v2\/media\/574"}],"wp:attachment":[{"href":"https:\/\/barsantamaria.com\/en\/wp-json\/wp\/v2\/media?parent=388"}],"curies":[{"name":"wp","href":"https:\/\/api.w.org\/{rel}","templated":true}]}}